{"id":571,"date":"2017-10-17T14:55:46","date_gmt":"2017-10-17T12:55:46","guid":{"rendered":"https:\/\/www.mediapub.be\/?page_id=571"},"modified":"2018-01-12T15:15:07","modified_gmt":"2018-01-12T14:15:07","slug":"folder-test","status":"publish","type":"page","link":"https:\/\/www.mediapub.be\/fr\/folder-test\/","title":{"rendered":"Folder test"},"content":{"rendered":"<p>[et_pb_section bb_built=\u00a0\u00bb1&Prime; fullwidth=\u00a0\u00bbon\u00a0\u00bb specialty=\u00a0\u00bboff\u00a0\u00bb _builder_version=\u00a0\u00bb3.0.89&Prime;][et_pb_fullwidth_slider admin_label=\u00a0\u00bbBandeau plein \u00e9cran\u00a0\u00bb _builder_version=\u00a0\u00bb3.0.89&Prime; show_arrows=\u00a0\u00bboff\u00a0\u00bb show_pagination=\u00a0\u00bboff\u00a0\u00bb show_inner_shadow=\u00a0\u00bbon\u00a0\u00bb custom_button=\u00a0\u00bboff\u00a0\u00bb button_icon_placement=\u00a0\u00bbright\u00a0\u00bb show_content_on_mobile=\u00a0\u00bbon\u00a0\u00bb show_cta_on_mobile=\u00a0\u00bbon\u00a0\u00bb show_image_video_mobile=\u00a0\u00bboff\u00a0\u00bb text_orientation=\u00a0\u00bbleft\u00a0\u00bb header_font=\u00a0\u00bbArial|700|||||||\u00a0\u00bb header_text_align=\u00a0\u00bbleft\u00a0\u00bb header_font_size=\u00a0\u00bb35&Prime; custom_css_main_element=\u00a0\u00bbheight:220px;\u00a0\u00bb custom_css_slide_title=\u00a0\u00bbpadding:0px;\u00a0\u00bb]<\/p>\n<p>[et_pb_slide _builder_version=\u00a0\u00bb3.0.89&Prime; heading=\u00a0\u00bb Folder test\u00a0\u00bb use_background_color_gradient=\u00a0\u00bboff\u00a0\u00bb background_color_gradient_start=\u00a0\u00bb#2b87da\u00a0\u00bb background_color_gradient_end=\u00a0\u00bb#29c4a9&Prime; background_color_gradient_type=\u00a0\u00bblinear\u00a0\u00bb background_color_gradient_direction=\u00a0\u00bb180deg\u00a0\u00bb background_color_gradient_direction_radial=\u00a0\u00bbcenter\u00a0\u00bb background_color_gradient_start_position=\u00a0\u00bb0%\u00a0\u00bb background_color_gradient_end_position=\u00a0\u00bb100%\u00a0\u00bb background_color_gradient_overlays_image=\u00a0\u00bboff\u00a0\u00bb background_image=\u00a0\u00bbhttps:\/\/www.mediapub.be\/wp-content\/uploads\/2018\/01\/GY1H4239.jpg\u00a0\u00bb parallax=\u00a0\u00bboff\u00a0\u00bb parallax_method=\u00a0\u00bbon\u00a0\u00bb background_size=\u00a0\u00bbcover\u00a0\u00bb background_position=\u00a0\u00bbcenter\u00a0\u00bb background_repeat=\u00a0\u00bbno-repeat\u00a0\u00bb background_blend=\u00a0\u00bbnormal\u00a0\u00bb allow_player_pause=\u00a0\u00bboff\u00a0\u00bb use_bg_overlay=\u00a0\u00bboff\u00a0\u00bb use_text_overlay=\u00a0\u00bboff\u00a0\u00bb text_border_radius=\u00a0\u00bb3&Prime; alignment=\u00a0\u00bbcenter\u00a0\u00bb background_layout=\u00a0\u00bbdark\u00a0\u00bb header_font=\u00a0\u00bb||||||||\u00a0\u00bb custom_padding_tablet=\u00a0\u00bb||10px|10px\u00a0\u00bb custom_padding_phone=\u00a0\u00bb||10px|10px\u00a0\u00bb \/]<\/p>\n<p>[\/et_pb_fullwidth_slider][\/et_pb_section][et_pb_section bb_built=\u00a0\u00bb1&Prime;][et_pb_row][et_pb_column type=\u00a0\u00bb2_3&Prime;][et_pb_text _builder_version=\u00a0\u00bb3.0.89&Prime; background_layout=\u00a0\u00bblight\u00a0\u00bb]<\/p>\n<p><span style=\"font-size: 16px;\">Que vous soyez un commerce ind\u00e9pendant ou une cha\u00eene de points de vente, vous ne croyez pas encore tout \u00e0 fait au folder toutes-bo\u00eetes et vous souhaitez faire un test\u00a0?<\/span><\/p>\n<p><span style=\"font-size: 16px;\">Rien de plus simple\u00a0! Nous proposons une formule test \u00ab\u00a0all inclusive\u00a0\u00bb.<\/span><\/p>\n<p><span style=\"font-size: 16px;\">&#8211; Format 2 pages A4<br \/>\n&#8211; Impression quadri 80 gr<br \/>\n&#8211; Composition impression<br \/>\n&#8211; Distribution<br \/>\n&#8211; 30.000 exemplaires<\/span><\/p>\n<p><span style=\"font-size: 16px;\">Le tout pour 3.400 \u20ac HTVA* ! Envie d\u2019en savoir plus\u00a0? <a href=\"https:\/\/www.mediapub.be\/contact\/\">Contactez nous !<\/a><\/span><\/p>\n<p>*Taxes communales et gestion incluses sur base de leurs valeurs en date du 11\/12\/2017.<\/p>\n<p>[\/et_pb_text][\/et_pb_column][et_pb_column type=\u00a0\u00bb1_3&Prime;][et_pb_image _builder_version=\u00a0\u00bb3.0.89&Prime; src=\u00a0\u00bbhttps:\/\/www.mediapub.be\/wp-content\/uploads\/2018\/01\/GY1H4171.jpg\u00a0\u00bb show_in_lightbox=\u00a0\u00bboff\u00a0\u00bb url_new_window=\u00a0\u00bboff\u00a0\u00bb use_overlay=\u00a0\u00bboff\u00a0\u00bb always_center_on_mobile=\u00a0\u00bbon\u00a0\u00bb force_fullwidth=\u00a0\u00bboff\u00a0\u00bb show_bottom_space=\u00a0\u00bbon\u00a0\u00bb \/][\/et_pb_column][\/et_pb_row][\/et_pb_section]<\/p>\n","protected":false},"excerpt":{"rendered":"<p><div class=\"et_pb_row et_pb_row_0 et_pb_row_empty\">\n\t\t\t\t\n\t\t\t\t\n\t\t\t\t\n\t\t\t\t\n\t\t\t\t\n\t\t\t<\/div> Que vous soyez un commerce ind\u00e9pendant ou une cha\u00eene de points de vente, vous ne croyez pas encore tout \u00e0 fait au folder toutes-bo\u00eetes et vous souhaitez faire un test\u00a0? Rien de plus simple\u00a0! Nous proposons une formule test \u00ab\u00a0all inclusive\u00a0\u00bb. &#8211; Format 2 pages A4 &#8211; Impression quadri 80 gr &#8211; Composition impression [&hellip;]<\/p>\n","protected":false},"author":2,"featured_media":0,"parent":0,"menu_order":0,"comment_status":"closed","ping_status":"closed","template":"","meta":{"_et_pb_use_builder":"on","_et_pb_old_content":"","_et_gb_content_width":""},"_links":{"self":[{"href":"https:\/\/www.mediapub.be\/fr\/wp-json\/wp\/v2\/pages\/571"}],"collection":[{"href":"https:\/\/www.mediapub.be\/fr\/wp-json\/wp\/v2\/pages"}],"about":[{"href":"https:\/\/www.mediapub.be\/fr\/wp-json\/wp\/v2\/types\/page"}],"author":[{"embeddable":true,"href":"https:\/\/www.mediapub.be\/fr\/wp-json\/wp\/v2\/users\/2"}],"replies":[{"embeddable":true,"href":"https:\/\/www.mediapub.be\/fr\/wp-json\/wp\/v2\/comments?post=571"}],"version-history":[{"count":11,"href":"https:\/\/www.mediapub.be\/fr\/wp-json\/wp\/v2\/pages\/571\/revisions"}],"predecessor-version":[{"id":1650,"href":"https:\/\/www.mediapub.be\/fr\/wp-json\/wp\/v2\/pages\/571\/revisions\/1650"}],"wp:attachment":[{"href":"https:\/\/www.mediapub.be\/fr\/wp-json\/wp\/v2\/media?parent=571"}],"curies":[{"name":"wp","href":"https:\/\/api.w.org\/{rel}","templated":true}]}}