{"id":37,"date":"2017-09-10T19:41:46","date_gmt":"2017-09-10T17:41:46","guid":{"rendered":"https:\/\/www.mediapub.be\/?page_id=37"},"modified":"2018-01-11T15:54:11","modified_gmt":"2018-01-11T14:54:11","slug":"conseil-optimalisation-door-to-door","status":"publish","type":"page","link":"https:\/\/www.mediapub.be\/fr\/conseil-optimalisation-door-to-door\/","title":{"rendered":"Conseil optimalisation Door to Door"},"content":{"rendered":"<p>[et_pb_section bb_built=\u00a0\u00bb1&Prime; fullwidth=\u00a0\u00bbon\u00a0\u00bb specialty=\u00a0\u00bboff\u00a0\u00bb _builder_version=\u00a0\u00bb3.0.89&Prime;][et_pb_fullwidth_slider admin_label=\u00a0\u00bbBandeau plein \u00e9cran\u00a0\u00bb _builder_version=\u00a0\u00bb3.0.89&Prime; show_arrows=\u00a0\u00bboff\u00a0\u00bb show_pagination=\u00a0\u00bboff\u00a0\u00bb show_inner_shadow=\u00a0\u00bboff\u00a0\u00bb custom_button=\u00a0\u00bboff\u00a0\u00bb button_icon_placement=\u00a0\u00bbright\u00a0\u00bb show_content_on_mobile=\u00a0\u00bbon\u00a0\u00bb show_cta_on_mobile=\u00a0\u00bbon\u00a0\u00bb show_image_video_mobile=\u00a0\u00bboff\u00a0\u00bb text_orientation=\u00a0\u00bbleft\u00a0\u00bb header_font=\u00a0\u00bbArial|700|||||||\u00a0\u00bb header_text_align=\u00a0\u00bbleft\u00a0\u00bb header_font_size=\u00a0\u00bb35&Prime; custom_css_main_element=\u00a0\u00bbheight:220px;\u00a0\u00bb custom_css_slide_title=\u00a0\u00bbpadding:0px;\u00a0\u00bb] [et_pb_slide _builder_version=\u00a0\u00bb3.0.89&Prime; heading=\u00a0\u00bbConseil optimalisation Door to Door\u00a0\u00bb use_background_color_gradient=\u00a0\u00bboff\u00a0\u00bb background_color_gradient_start=\u00a0\u00bb#2b87da\u00a0\u00bb background_color_gradient_end=\u00a0\u00bb#29c4a9&Prime; background_color_gradient_type=\u00a0\u00bblinear\u00a0\u00bb background_color_gradient_direction=\u00a0\u00bb180deg\u00a0\u00bb background_color_gradient_direction_radial=\u00a0\u00bbcenter\u00a0\u00bb background_color_gradient_start_position=\u00a0\u00bb0%\u00a0\u00bb background_color_gradient_end_position=\u00a0\u00bb100%\u00a0\u00bb background_color_gradient_overlays_image=\u00a0\u00bboff\u00a0\u00bb background_image=\u00a0\u00bbhttps:\/\/www.mediapub.be\/wp-content\/uploads\/2018\/01\/optimalisationdoor3.jpg\u00a0\u00bb parallax=\u00a0\u00bboff\u00a0\u00bb parallax_method=\u00a0\u00bbon\u00a0\u00bb background_size=\u00a0\u00bbcover\u00a0\u00bb background_position=\u00a0\u00bbcenter\u00a0\u00bb background_repeat=\u00a0\u00bbno-repeat\u00a0\u00bb background_blend=\u00a0\u00bbnormal\u00a0\u00bb allow_player_pause=\u00a0\u00bboff\u00a0\u00bb use_bg_overlay=\u00a0\u00bboff\u00a0\u00bb use_text_overlay=\u00a0\u00bboff\u00a0\u00bb text_border_radius=\u00a0\u00bb3&Prime; alignment=\u00a0\u00bbcenter\u00a0\u00bb background_layout=\u00a0\u00bbdark\u00a0\u00bb header_font=\u00a0\u00bb||||||||\u00a0\u00bb custom_padding_tablet=\u00a0\u00bb||10px|10px\u00a0\u00bb custom_padding_phone=\u00a0\u00bb||10px|10px\u00a0\u00bb \/] [\/et_pb_fullwidth_slider][\/et_pb_section][et_pb_section bb_built=\u00a0\u00bb1&Prime;][et_pb_row][et_pb_column type=\u00a0\u00bb1_2&Prime;][et_pb_text _builder_version=\u00a0\u00bb3.0.89&Prime; background_layout=\u00a0\u00bblight\u00a0\u00bb]<\/p>\n<h2>LES CAMPAGNES DOOR-TO\u2013DOOR REPR\u00c9SENTENT SOUVENT UN BUDGET IMPORTANT.<\/h2>\n<p>Le return qui en est attendu est de ce fait, lui aussi, souvent important.<\/p>\n<p>Bon nombre d\u2019annonceurs perdent au quotidien un nombre important de retour, de part leur m\u00e9connaissance de ce m\u00e9dia et du return qu\u2019il peut offrir.<\/p>\n<p>M\u00e9diapub a d\u00e9velopp\u00e9 une r\u00e9elle maitrise dans le d\u00e9veloppement d\u2019action door-to-door\u2026<\/p>\n<ul>\n<li>Etude de la zone de distribution et optimalisation<\/li>\n<li>Etude des p\u00e9riodes de campagne<\/li>\n<li>Optimalisation du format<\/li>\n<li>Diminution des taxes<\/li>\n<li>Ciblage socio-d\u00e9mographique<\/li>\n<li>Optimalisation du contenu<\/li>\n<li>Mise en place d\u2019un syst\u00e8me de mesurage du return<\/li>\n<\/ul>\n<p>Notre package de conseil vous permettra d\u2019augmenter le return de votre action folder et donc d\u2019en diminuer le co\u00fbt.<\/p>\n<p>Package d\u2019optimalisation sur devis en fonction de la probl\u00e9matique.<\/p>\n<p>[\/et_pb_text][\/et_pb_column][et_pb_column type=\u00a0\u00bb1_2&Prime;][et_pb_image _builder_version=\u00a0\u00bb3.0.89&Prime; src=\u00a0\u00bbhttps:\/\/www.mediapub.be\/wp-content\/uploads\/2018\/01\/TAXES_COMM_BAR_QUARTERLY_FR.jpg\u00a0\u00bb show_in_lightbox=\u00a0\u00bboff\u00a0\u00bb url_new_window=\u00a0\u00bboff\u00a0\u00bb use_overlay=\u00a0\u00bboff\u00a0\u00bb always_center_on_mobile=\u00a0\u00bbon\u00a0\u00bb force_fullwidth=\u00a0\u00bboff\u00a0\u00bb show_bottom_space=\u00a0\u00bbon\u00a0\u00bb \/][\/et_pb_column][\/et_pb_row][\/et_pb_section]<\/p>\n","protected":false},"excerpt":{"rendered":"<p><div class=\"et_pb_row et_pb_row_0 et_pb_row_empty\">\n\t\t\t\t\n\t\t\t\t\n\t\t\t\t\n\t\t\t\t\n\t\t\t\t\n\t\t\t<\/div> LES CAMPAGNES DOOR-TO\u2013DOOR REPR\u00c9SENTENT SOUVENT UN BUDGET IMPORTANT. Le return qui en est attendu est de ce fait, lui aussi, souvent important. Bon nombre d\u2019annonceurs perdent au quotidien un nombre important de retour, de part leur m\u00e9connaissance de ce m\u00e9dia et du return qu\u2019il peut offrir. M\u00e9diapub a d\u00e9velopp\u00e9 une r\u00e9elle maitrise dans le [&hellip;]<\/p>\n","protected":false},"author":2,"featured_media":0,"parent":0,"menu_order":0,"comment_status":"closed","ping_status":"closed","template":"","meta":{"_et_pb_use_builder":"on","_et_pb_old_content":"","_et_gb_content_width":""},"_links":{"self":[{"href":"https:\/\/www.mediapub.be\/fr\/wp-json\/wp\/v2\/pages\/37"}],"collection":[{"href":"https:\/\/www.mediapub.be\/fr\/wp-json\/wp\/v2\/pages"}],"about":[{"href":"https:\/\/www.mediapub.be\/fr\/wp-json\/wp\/v2\/types\/page"}],"author":[{"embeddable":true,"href":"https:\/\/www.mediapub.be\/fr\/wp-json\/wp\/v2\/users\/2"}],"replies":[{"embeddable":true,"href":"https:\/\/www.mediapub.be\/fr\/wp-json\/wp\/v2\/comments?post=37"}],"version-history":[{"count":13,"href":"https:\/\/www.mediapub.be\/fr\/wp-json\/wp\/v2\/pages\/37\/revisions"}],"predecessor-version":[{"id":1585,"href":"https:\/\/www.mediapub.be\/fr\/wp-json\/wp\/v2\/pages\/37\/revisions\/1585"}],"wp:attachment":[{"href":"https:\/\/www.mediapub.be\/fr\/wp-json\/wp\/v2\/media?parent=37"}],"curies":[{"name":"wp","href":"https:\/\/api.w.org\/{rel}","templated":true}]}}