{"id":3383,"date":"2023-02-23T13:33:13","date_gmt":"2023-02-23T12:33:13","guid":{"rendered":"https:\/\/www.mediapub.be\/?page_id=3383"},"modified":"2023-03-08T11:29:59","modified_gmt":"2023-03-08T10:29:59","slug":"3383-2","status":"publish","type":"page","link":"https:\/\/www.mediapub.be\/fr\/3383-2\/","title":{"rendered":"TaxSimulator"},"content":{"rendered":"<p>[et_pb_section fb_built=\u00a0\u00bb1&Prime; _builder_version=\u00a0\u00bb4.20.0&Prime; _module_preset=\u00a0\u00bbdefault\u00a0\u00bb background_image=\u00a0\u00bbhttps:\/\/www.mediapub.be\/wp-content\/uploads\/2018\/02\/Fotolia_33942289_S-1-2.jpg\u00a0\u00bb min_height=\u00a0\u00bb200px\u00a0\u00bb custom_margin=\u00a0\u00bb||27px|||\u00a0\u00bb custom_padding=\u00a0\u00bb||0px|||\u00a0\u00bb global_colors_info=\u00a0\u00bb{}\u00a0\u00bb][\/et_pb_section][et_pb_section fb_built=\u00a0\u00bb1&Prime; _builder_version=\u00a0\u00bb4.20.0&Prime; _module_preset=\u00a0\u00bbdefault\u00a0\u00bb global_colors_info=\u00a0\u00bb{}\u00a0\u00bb][et_pb_row column_structure=\u00a0\u00bb2_3,1_3&Prime; _builder_version=\u00a0\u00bb4.20.0&Prime; _module_preset=\u00a0\u00bbdefault\u00a0\u00bb global_colors_info=\u00a0\u00bb{}\u00a0\u00bb][et_pb_column type=\u00a0\u00bb2_3&Prime; _builder_version=\u00a0\u00bb4.20.0&Prime; _module_preset=\u00a0\u00bbdefault\u00a0\u00bb global_colors_info=\u00a0\u00bb{}\u00a0\u00bb][et_pb_text _builder_version=\u00a0\u00bb4.20.0&Prime; _module_preset=\u00a0\u00bbdefault\u00a0\u00bb custom_padding=\u00a0\u00bb||0px|||\u00a0\u00bb global_colors_info=\u00a0\u00bb{}\u00a0\u00bb]<\/p>\n<h2 style=\"box-sizing: border-box; font-family: 'Source Sans Pro', Helvetica, Arial, Lucida, sans-serif; margin: 0px; padding: 0px 0px 10px; border: 0px; outline: 0px; font-size: 24px; text-size-adjust: 100%; vertical-align: baseline; background: #ffffff; color: #323232; line-height: 1.4em; font-weight: bold; text-transform: uppercase; font-style: normal; font-variant-ligatures: normal; font-variant-caps: normal; letter-spacing: normal; orphans: 2; text-align: left; text-indent: 0px; white-space: normal; widows: 2; word-spacing: 0px; -webkit-text-stroke-width: 0px; text-decoration-thickness: initial; text-decoration-style: initial; text-decoration-color: initial;\">TAXSIMULATOR.BE, RECEVEZ GRATUITEMENT UNE ESTIMATION DU CO\u00dbT DES TAXES COMMUNALES DE VOTRE ACTION TOUTES-BO\u00ceTES<\/h2>\n<p style=\"box-sizing: border-box; font-family: 'Source Sans Pro', Helvetica, Arial, Lucida, sans-serif; margin: 0px; padding: 0px 0px 1em; border: 0px; outline: 0px; font-size: 16px; text-size-adjust: 100%; vertical-align: baseline; background: #ffffff; color: #666666; font-style: normal; font-variant-ligatures: normal; font-variant-caps: normal; font-weight: 500; letter-spacing: normal; orphans: 2; text-align: left; text-indent: 0px; text-transform: none; white-space: normal; widows: 2; word-spacing: 0px; -webkit-text-stroke-width: 0px; text-decoration-thickness: initial; text-decoration-style: initial; text-decoration-color: initial;\">Les toutes-bo\u00eetes sont tax\u00e9s par les communes. Chaque commune est comp\u00e9tente en la<br style=\"box-sizing: border-box; font-family: 'Source Sans Pro', Helvetica, Arial, Lucida, sans-serif !important;\" \/>mati\u00e8re. C\u2019est ainsi qu\u2019il existe une multitude de r\u00e8glements communaux diff\u00e9rents.<br style=\"box-sizing: border-box; font-family: 'Source Sans Pro', Helvetica, Arial, Lucida, sans-serif !important;\" \/>Toutefois, un tronc commun se d\u00e9gage de chaque r\u00e8glement<\/p>\n<ol style=\"box-sizing: border-box; font-family: 'Source Sans Pro', Helvetica, Arial, Lucida, sans-serif; margin: 0px; padding: 0px 0px 1em; border: 0px; outline: 0px; font-size: 16px; text-size-adjust: 100%; vertical-align: baseline; background: #ffffff; list-style: inside decimal; line-height: 26px; color: #666666; font-style: normal; font-variant-ligatures: normal; font-variant-caps: normal; font-weight: 500; letter-spacing: normal; orphans: 2; text-align: left; text-indent: 0px; text-transform: none; white-space: normal; widows: 2; word-spacing: 0px; -webkit-text-stroke-width: 0px; text-decoration-thickness: initial; text-decoration-style: initial; text-decoration-color: initial;\">\n<li style=\"box-sizing: border-box; font-family: 'Source Sans Pro', Helvetica, Arial, Lucida, sans-serif !important; margin: 0px; padding: 0px; border: 0px; outline: 0px; font-size: 16px; text-size-adjust: 100%; vertical-align: baseline; background: transparent;\">La d\u00e9claration doit se faire avant diffusion<\/li>\n<li style=\"box-sizing: border-box; font-family: 'Source Sans Pro', Helvetica, Arial, Lucida, sans-serif !important; margin: 0px; padding: 0px; border: 0px; outline: 0px; font-size: 16px; text-size-adjust: 100%; vertical-align: baseline; background: transparent;\">Le d\u00e9claration doit se faire de mani\u00e8re s\u00e9par\u00e9e pour chaque commune distribu\u00e9e<\/li>\n<li style=\"box-sizing: border-box; font-family: 'Source Sans Pro', Helvetica, Arial, Lucida, sans-serif !important; margin: 0px; padding: 0px; border: 0px; outline: 0px; font-size: 16px; text-size-adjust: 100%; vertical-align: baseline; background: transparent;\">Le prix de la taxe d\u00e9pend le plus souvent des crit\u00e8res suivants\u00a0: poids, type de<br style=\"box-sizing: border-box; font-family: 'Source Sans Pro', Helvetica, Arial, Lucida, sans-serif !important;\" \/>document (surface), \u2026<\/li>\n<\/ol>\n<p style=\"box-sizing: border-box; font-family: 'Source Sans Pro', Helvetica, Arial, Lucida, sans-serif; margin: 0px; padding: 0px 0px 1em; border: 0px; outline: 0px; font-size: 16px; text-size-adjust: 100%; vertical-align: baseline; background: #ffffff; color: #666666; font-style: normal; font-variant-ligatures: normal; font-variant-caps: normal; font-weight: 500; letter-spacing: normal; orphans: 2; text-align: left; text-indent: 0px; text-transform: none; white-space: normal; widows: 2; word-spacing: 0px; -webkit-text-stroke-width: 0px; text-decoration-thickness: initial; text-decoration-style: initial; text-decoration-color: initial;\">Obtenez d\u00e9j\u00e0 une premi\u00e8re estimation du co\u00fbt de la taxe sur <a href=\"https:\/\/www.taxsimulator.be\">TaxSimulator.be<\/a><br style=\"box-sizing: border-box; font-family: 'Source Sans Pro', Helvetica, Arial, Lucida, sans-serif !important;\" \/>Plus d\u2019info au 067 84 06 46<\/p>\n<p>[\/et_pb_text][et_pb_image src=\u00a0\u00bbhttps:\/\/www.mediapub.be\/wp-content\/uploads\/2022\/05\/TAX_SIMULATOR_LOGO-300&#215;80.png\u00a0\u00bb title_text=\u00a0\u00bbTAX_SIMULATOR_LOGO\u00a0\u00bb url=\u00a0\u00bbhttps:\/\/www.taxsimulator.be\u00a0\u00bb url_new_window=\u00a0\u00bbon\u00a0\u00bb _builder_version=\u00a0\u00bb4.20.0&Prime; _module_preset=\u00a0\u00bbdefault\u00a0\u00bb global_colors_info=\u00a0\u00bb{}\u00a0\u00bb][\/et_pb_image][\/et_pb_column][et_pb_column type=\u00a0\u00bb1_3&Prime; _builder_version=\u00a0\u00bb4.20.0&Prime; _module_preset=\u00a0\u00bbdefault\u00a0\u00bb global_colors_info=\u00a0\u00bb{}\u00a0\u00bb][et_pb_image src=\u00a0\u00bbhttps:\/\/www.mediapub.be\/wp-content\/uploads\/2023\/02\/TaxSimulatorPhoto-1.jpg\u00a0\u00bb title_text=\u00a0\u00bbTaxSimulatorPhoto\u00a0\u00bb _builder_version=\u00a0\u00bb4.20.0&Prime; _module_preset=\u00a0\u00bbdefault\u00a0\u00bb global_colors_info=\u00a0\u00bb{}\u00a0\u00bb][\/et_pb_image][\/et_pb_column][\/et_pb_row][\/et_pb_section][et_pb_section fb_built=\u00a0\u00bb1&Prime; fullwidth=\u00a0\u00bbon\u00a0\u00bb _builder_version=\u00a0\u00bb4.20.0&Prime; _module_preset=\u00a0\u00bbdefault\u00a0\u00bb global_colors_info=\u00a0\u00bb{}\u00a0\u00bb][\/et_pb_section]<\/p>\n","protected":false},"excerpt":{"rendered":"<p>TAXSIMULATOR.BE, RECEVEZ GRATUITEMENT UNE ESTIMATION DU CO\u00dbT DES TAXES COMMUNALES DE VOTRE ACTION TOUTES-BO\u00ceTES Les toutes-bo\u00eetes sont tax\u00e9s par les communes. Chaque commune est comp\u00e9tente en lamati\u00e8re. C\u2019est ainsi qu\u2019il existe une multitude de r\u00e8glements communaux diff\u00e9rents.Toutefois, un tronc commun se d\u00e9gage de chaque r\u00e8glement La d\u00e9claration doit se faire avant diffusion Le d\u00e9claration doit [&hellip;]<\/p>\n","protected":false},"author":1,"featured_media":0,"parent":0,"menu_order":0,"comment_status":"closed","ping_status":"closed","template":"","meta":{"_et_pb_use_builder":"on","_et_pb_old_content":"","_et_gb_content_width":""},"_links":{"self":[{"href":"https:\/\/www.mediapub.be\/fr\/wp-json\/wp\/v2\/pages\/3383"}],"collection":[{"href":"https:\/\/www.mediapub.be\/fr\/wp-json\/wp\/v2\/pages"}],"about":[{"href":"https:\/\/www.mediapub.be\/fr\/wp-json\/wp\/v2\/types\/page"}],"author":[{"embeddable":true,"href":"https:\/\/www.mediapub.be\/fr\/wp-json\/wp\/v2\/users\/1"}],"replies":[{"embeddable":true,"href":"https:\/\/www.mediapub.be\/fr\/wp-json\/wp\/v2\/comments?post=3383"}],"version-history":[{"count":10,"href":"https:\/\/www.mediapub.be\/fr\/wp-json\/wp\/v2\/pages\/3383\/revisions"}],"predecessor-version":[{"id":3449,"href":"https:\/\/www.mediapub.be\/fr\/wp-json\/wp\/v2\/pages\/3383\/revisions\/3449"}],"wp:attachment":[{"href":"https:\/\/www.mediapub.be\/fr\/wp-json\/wp\/v2\/media?parent=3383"}],"curies":[{"name":"wp","href":"https:\/\/api.w.org\/{rel}","templated":true}]}}