{"id":28,"date":"2017-09-10T19:35:23","date_gmt":"2017-09-10T17:35:23","guid":{"rendered":"https:\/\/www.mediapub.be\/?page_id=28"},"modified":"2018-02-08T09:17:53","modified_gmt":"2018-02-08T08:17:53","slug":"folder-toutes-boites","status":"publish","type":"page","link":"https:\/\/www.mediapub.be\/fr\/folder-toutes-boites\/","title":{"rendered":"Folder toutes-bo\u00eetes"},"content":{"rendered":"<p>[et_pb_section bb_built=\u00a0\u00bb1&Prime; fullwidth=\u00a0\u00bbon\u00a0\u00bb _builder_version=\u00a0\u00bb3.0.89&Prime;][et_pb_fullwidth_slider admin_label=\u00a0\u00bbBandeau plein \u00e9cran\u00a0\u00bb show_arrows=\u00a0\u00bboff\u00a0\u00bb show_pagination=\u00a0\u00bboff\u00a0\u00bb _builder_version=\u00a0\u00bb3.0.89&Prime; header_font=\u00a0\u00bbArial|700|||||||\u00a0\u00bb header_text_align=\u00a0\u00bbleft\u00a0\u00bb header_font_size=\u00a0\u00bb35&Prime; text_orientation=\u00a0\u00bbleft\u00a0\u00bb custom_css_main_element=\u00a0\u00bbheight:220px;\u00a0\u00bb custom_css_slide_title=\u00a0\u00bbpadding:0px;\u00a0\u00bb show_inner_shadow=\u00a0\u00bbon\u00a0\u00bb custom_button=\u00a0\u00bboff\u00a0\u00bb button_icon_placement=\u00a0\u00bbright\u00a0\u00bb show_content_on_mobile=\u00a0\u00bbon\u00a0\u00bb show_cta_on_mobile=\u00a0\u00bbon\u00a0\u00bb show_image_video_mobile=\u00a0\u00bboff\u00a0\u00bb saved_tabs=\u00a0\u00bball\u00a0\u00bb]<\/p>\n<p>[et_pb_slide heading=\u00a0\u00bbFolder toutes-bo\u00eetes\u00a0\u00bb use_bg_overlay=\u00a0\u00bboff\u00a0\u00bb use_text_overlay=\u00a0\u00bboff\u00a0\u00bb _builder_version=\u00a0\u00bb3.0.89&Prime; header_font=\u00a0\u00bb||||||||\u00a0\u00bb background_image=\u00a0\u00bbhttps:\/\/www.mediapub.be\/wp-content\/uploads\/2018\/01\/DSC_0029.jpg\u00a0\u00bb custom_padding_tablet=\u00a0\u00bb||10px|10px\u00a0\u00bb custom_padding_phone=\u00a0\u00bb||10px|10px\u00a0\u00bb use_background_color_gradient=\u00a0\u00bboff\u00a0\u00bb background_color_gradient_start=\u00a0\u00bb#2b87da\u00a0\u00bb background_color_gradient_end=\u00a0\u00bb#29c4a9&Prime; background_color_gradient_type=\u00a0\u00bblinear\u00a0\u00bb background_color_gradient_direction=\u00a0\u00bb180deg\u00a0\u00bb background_color_gradient_direction_radial=\u00a0\u00bbcenter\u00a0\u00bb background_color_gradient_start_position=\u00a0\u00bb0%\u00a0\u00bb background_color_gradient_end_position=\u00a0\u00bb100%\u00a0\u00bb background_color_gradient_overlays_image=\u00a0\u00bboff\u00a0\u00bb parallax=\u00a0\u00bboff\u00a0\u00bb parallax_method=\u00a0\u00bbon\u00a0\u00bb background_size=\u00a0\u00bbcover\u00a0\u00bb background_position=\u00a0\u00bbcenter\u00a0\u00bb background_repeat=\u00a0\u00bbno-repeat\u00a0\u00bb background_blend=\u00a0\u00bbnormal\u00a0\u00bb allow_player_pause=\u00a0\u00bboff\u00a0\u00bb text_border_radius=\u00a0\u00bb3&Prime; alignment=\u00a0\u00bbcenter\u00a0\u00bb background_layout=\u00a0\u00bbdark\u00a0\u00bb \/]<\/p>\n<p>[\/et_pb_fullwidth_slider][\/et_pb_section][et_pb_section bb_built=\u00a0\u00bb1&Prime; _builder_version=\u00a0\u00bb3.0.89&Prime; custom_padding=\u00a0\u00bb50px|0px|50px|0px\u00a0\u00bb][et_pb_row _builder_version=\u00a0\u00bb3.0.47&Prime; background_size=\u00a0\u00bbinitial\u00a0\u00bb background_position=\u00a0\u00bbtop_left\u00a0\u00bb background_repeat=\u00a0\u00bbrepeat\u00a0\u00bb][et_pb_column type=\u00a0\u00bb2_3&Prime;][et_pb_text _builder_version=\u00a0\u00bb3.0.89&Prime; background_layout=\u00a0\u00bblight\u00a0\u00bb]<\/p>\n<h2>M\u00c9DIAPUB : L\u2019EXPERTISE DU FOLDER TOUTES-BO\u00ceTES DEPUIS 1998.<\/h2>\n<p>Concevoir un folder qui apportera un maximum de rendement, d\u00e9finir sa zone de diffusion, l\u2019imprimer, g\u00e9rer jusqu\u2019aux taxes communales li\u00e9es \u00e0 ce genre d\u2019action, M\u00e9diapub vous offre, \u00e0 la carte, tous les services souhait\u00e9s.<\/p>\n<p>&nbsp;<\/p>\n<h3>Un m\u00e9dia \u00e0 haut rendement<\/h3>\n<p>Le folder toutes-bo\u00eetes est probablement le m\u00e9dia publicitaire apportant le rendement direct le plus \u00e9lev\u00e9. Il permet d\u2019arriver directement chez le prospect avec l\u2019ensemble de votre offre, de quoi d\u00e9clencher imm\u00e9diatement l\u2019achat ! Aucun autre m\u00e9dia ne peut se targuer de tels avantages. La rubrique\u00a0<a href=\"https:\/\/www.mediapub.be\/statistiques\">statistiques\u00a0<\/a>est l\u00e0 pour vous en convaincre. M\u00e9diapub vous propose une multitude de services li\u00e9s au folder toutes-bo\u00eetes, services disponibles \u00ab \u00e0 la carte \u00bb.<\/p>\n<p>[\/et_pb_text][\/et_pb_column][et_pb_column type=\u00a0\u00bb1_3&Prime;][et_pb_image src=\u00a0\u00bbhttps:\/\/www.mediapub.be\/wp-content\/uploads\/2018\/01\/GY1H4324.jpg\u00a0\u00bb _builder_version=\u00a0\u00bb3.0.89&Prime; \/][\/et_pb_column][\/et_pb_row][et_pb_row _builder_version=\u00a0\u00bb3.0.47&Prime; background_size=\u00a0\u00bbinitial\u00a0\u00bb background_position=\u00a0\u00bbtop_left\u00a0\u00bb background_repeat=\u00a0\u00bbrepeat\u00a0\u00bb][et_pb_column type=\u00a0\u00bb4_4&Prime;][et_pb_tabs _builder_version=\u00a0\u00bb3.0.89&Prime;] [et_pb_tab title=\u00a0\u00bbStrat\u00e9gie\u00a0\u00bb _builder_version=\u00a0\u00bb3.0.89&Prime; use_background_color_gradient=\u00a0\u00bboff\u00a0\u00bb background_color_gradient_start=\u00a0\u00bb#2b87da\u00a0\u00bb background_color_gradient_end=\u00a0\u00bb#29c4a9&Prime; background_color_gradient_type=\u00a0\u00bblinear\u00a0\u00bb background_color_gradient_direction=\u00a0\u00bb180deg\u00a0\u00bb background_color_gradient_direction_radial=\u00a0\u00bbcenter\u00a0\u00bb background_color_gradient_start_position=\u00a0\u00bb0%\u00a0\u00bb background_color_gradient_end_position=\u00a0\u00bb100%\u00a0\u00bb background_color_gradient_overlays_image=\u00a0\u00bboff\u00a0\u00bb parallax=\u00a0\u00bboff\u00a0\u00bb parallax_method=\u00a0\u00bbon\u00a0\u00bb background_size=\u00a0\u00bbcover\u00a0\u00bb background_position=\u00a0\u00bbcenter\u00a0\u00bb background_repeat=\u00a0\u00bbno-repeat\u00a0\u00bb background_blend=\u00a0\u00bbnormal\u00a0\u00bb allow_player_pause=\u00a0\u00bboff\u00a0\u00bb]<\/p>\n<p>&nbsp;<\/p>\n<h2>\u00a0<img decoding=\"async\" loading=\"lazy\" class=\"size-medium wp-image-734 alignright\" src=\"https:\/\/www.mediapub.be\/wp-content\/uploads\/2018\/01\/Mediapub-stategie-folder-300x200.jpg\" alt=\"\" width=\"300\" height=\"200\" \/>STRAT\u00c9GIE<\/h2>\n<p>La strat\u00e9gie commerciale est tr\u00e8s importante dans la r\u00e9ussite d\u2019une action folder.<\/p>\n<div class=\"col-md-6 col-sm-12 col-xs-12 \">\n<div class=\"choose-title\">\n<p>Ci-dessous, se trouve la liste des \u00e9l\u00e9ments strat\u00e9giques qui influenceront le return d\u2019une action folder. Si vous ne poss\u00e9dez pas votre d\u00e9partement marketing ou si vous souhaitez sous-traiter la r\u00e9flexion strat\u00e9gique relative au folder, nous pouvons nous en occuper.<\/p>\n<ul>\n<li>\u00a0Liste des \u00e9l\u00e9ments strat\u00e9giques intervenant dans l\u2019\u00e9laboration d\u2019un folder<\/li>\n<li>P\u00e9riode de distribution (d\u00e9but ou fin de mois, approche des cong\u00e9s, d\u00e9but ou fin de semaine)<\/li>\n<li>Th\u00e8me du folder<\/li>\n<li>Zone de diffusion<\/li>\n<li>Nombre de folders distribu\u00e9s<\/li>\n<li>Technique de distribution (isol\u00e9e ou group\u00e9e)<\/li>\n<li>Format et poids du folder<\/li>\n<li>Look de la premi\u00e8re page<\/li>\n<li>Choix des produits<\/li>\n<li>Politique de prix<\/li>\n<li>Descriptifs produits<\/li>\n<li>Pr\u00e9sence ou non des \u00ab call to actions \u00bb<\/li>\n<li>Validit\u00e9 des offres<\/li>\n<li>Structure graphique du folder<\/li>\n<li>Information du personnel<\/li>\n<li>PLV accompagnant l\u2019action<\/li>\n<li>\u2026<span style=\"color: #333333; font-size: 18px;\">\u00a0<\/span><\/li>\n<\/ul>\n<\/div>\n<\/div>\n<p>[\/et_pb_tab][et_pb_tab title=\u00a0\u00bbCr\u00e9ation\u00a0\u00bb _builder_version=\u00a0\u00bb3.0.89&Prime; use_background_color_gradient=\u00a0\u00bboff\u00a0\u00bb background_color_gradient_start=\u00a0\u00bb#2b87da\u00a0\u00bb background_color_gradient_end=\u00a0\u00bb#29c4a9&Prime; background_color_gradient_type=\u00a0\u00bblinear\u00a0\u00bb background_color_gradient_direction=\u00a0\u00bb180deg\u00a0\u00bb background_color_gradient_direction_radial=\u00a0\u00bbcenter\u00a0\u00bb background_color_gradient_start_position=\u00a0\u00bb0%\u00a0\u00bb background_color_gradient_end_position=\u00a0\u00bb100%\u00a0\u00bb background_color_gradient_overlays_image=\u00a0\u00bboff\u00a0\u00bb parallax=\u00a0\u00bboff\u00a0\u00bb parallax_method=\u00a0\u00bbon\u00a0\u00bb background_size=\u00a0\u00bbcover\u00a0\u00bb background_position=\u00a0\u00bbcenter\u00a0\u00bb background_repeat=\u00a0\u00bbno-repeat\u00a0\u00bb background_blend=\u00a0\u00bbnormal\u00a0\u00bb allow_player_pause=\u00a0\u00bboff\u00a0\u00bb]<\/p>\n<h2>\u00a0<img decoding=\"async\" loading=\"lazy\" class=\"size-medium wp-image-735 alignright\" src=\"https:\/\/www.mediapub.be\/wp-content\/uploads\/2018\/01\/Mediapub-creation-folder-300x200.jpg\" alt=\"\" width=\"300\" height=\"200\" \/>CR\u00c9ATION<\/h2>\n<p>Nous travaillons, \u00e0 la carte, en fonction des d\u00e9sid\u00e9ratas du client.<\/p>\n<p>Tant\u00f4t nous recevons un folder totalement fini, voire d\u00e9j\u00e0 imprim\u00e9, tant\u00f4t nous partons d\u2019une feuille blanche et cr\u00e9ons, avec le client, son futur folder. Au besoin, nous nous chargeons m\u00eame des \u00e9ventuelles prises de vues de produits.<\/p>\n<p>[\/et_pb_tab][et_pb_tab title=\u00a0\u00bbMise au net\u00a0\u00bb _builder_version=\u00a0\u00bb3.0.89&Prime; use_background_color_gradient=\u00a0\u00bboff\u00a0\u00bb background_color_gradient_start=\u00a0\u00bb#2b87da\u00a0\u00bb background_color_gradient_end=\u00a0\u00bb#29c4a9&Prime; background_color_gradient_type=\u00a0\u00bblinear\u00a0\u00bb background_color_gradient_direction=\u00a0\u00bb180deg\u00a0\u00bb background_color_gradient_direction_radial=\u00a0\u00bbcenter\u00a0\u00bb background_color_gradient_start_position=\u00a0\u00bb0%\u00a0\u00bb background_color_gradient_end_position=\u00a0\u00bb100%\u00a0\u00bb background_color_gradient_overlays_image=\u00a0\u00bboff\u00a0\u00bb parallax=\u00a0\u00bboff\u00a0\u00bb parallax_method=\u00a0\u00bbon\u00a0\u00bb background_size=\u00a0\u00bbcover\u00a0\u00bb background_position=\u00a0\u00bbcenter\u00a0\u00bb background_repeat=\u00a0\u00bbno-repeat\u00a0\u00bb background_blend=\u00a0\u00bbnormal\u00a0\u00bb allow_player_pause=\u00a0\u00bboff\u00a0\u00bb]<\/p>\n<h2>\u00a0<img decoding=\"async\" loading=\"lazy\" class=\"size-medium wp-image-611 alignright\" src=\"https:\/\/www.mediapub.be\/wp-content\/uploads\/2018\/01\/stock-photo-11777117-graphic-designer-chooses-colours-on-lcd-screen-300x199.jpg\" alt=\"\" width=\"300\" height=\"199\" \/>MISE AU NET<\/h2>\n<p>Nous dispons de notre propre studio graphique. Notre sp\u00e9cialisation dans le seul folder nous permet d\u2019atteindre un niveau qualitatif \u00e9lev\u00e9, et ce, dans des temps records.<span style=\"color: #333333; font-size: 18px;\">\u00a0<\/span><\/p>\n<p>[\/et_pb_tab][et_pb_tab title=\u00a0\u00bbImpression\u00a0\u00bb _builder_version=\u00a0\u00bb3.0.89&Prime; use_background_color_gradient=\u00a0\u00bboff\u00a0\u00bb background_color_gradient_start=\u00a0\u00bb#2b87da\u00a0\u00bb background_color_gradient_end=\u00a0\u00bb#29c4a9&Prime; background_color_gradient_type=\u00a0\u00bblinear\u00a0\u00bb background_color_gradient_direction=\u00a0\u00bb180deg\u00a0\u00bb background_color_gradient_direction_radial=\u00a0\u00bbcenter\u00a0\u00bb background_color_gradient_start_position=\u00a0\u00bb0%\u00a0\u00bb background_color_gradient_end_position=\u00a0\u00bb100%\u00a0\u00bb background_color_gradient_overlays_image=\u00a0\u00bboff\u00a0\u00bb parallax=\u00a0\u00bboff\u00a0\u00bb parallax_method=\u00a0\u00bbon\u00a0\u00bb background_size=\u00a0\u00bbcover\u00a0\u00bb background_position=\u00a0\u00bbcenter\u00a0\u00bb background_repeat=\u00a0\u00bbno-repeat\u00a0\u00bb background_blend=\u00a0\u00bbnormal\u00a0\u00bb allow_player_pause=\u00a0\u00bboff\u00a0\u00bb]<\/p>\n<h2>\u00a0<img decoding=\"async\" loading=\"lazy\" class=\"size-medium wp-image-613 alignright\" src=\"https:\/\/www.mediapub.be\/wp-content\/uploads\/2018\/01\/rainbow-300x200.jpg\" alt=\"\" width=\"300\" height=\"200\" \/>IMPRESSION<\/h2>\n<p>A chaque type de folder, son imprimeur le plus comp\u00e9titif.<\/p>\n<p>En fonction des quantit\u00e9s, du format, du grammage, et du d\u00e9lai, nous consultons les imprimeurs les plus appropri\u00e9s. Nous travaillons avec les plus grandes imprimeries du pays et m\u00eame des pays limitrophes.<\/p>\n<p>Nous disposons \u00e9galement de deux partenaires privil\u00e9gi\u00e9s : les imprimeries Delferri\u00e8re et l\u2019imprimerie Rainbow. Cette derni\u00e8re offre l\u2019avantage d\u2019une impression par encres U.V.(les encres se polym\u00e9risent au passage de lampes UV), un proc\u00e9d\u00e9 tout aussi qualitatif que le proc\u00e9d\u00e9 traditionnel Heatset, mais nettement moins polluant (pas de solvant et pas de four).<\/p>\n<p>[\/et_pb_tab][et_pb_tab title=\u00a0\u00bbG\u00e9omarketing\u00a0\u00bb _builder_version=\u00a0\u00bb3.0.89&Prime; use_background_color_gradient=\u00a0\u00bboff\u00a0\u00bb background_color_gradient_start=\u00a0\u00bb#2b87da\u00a0\u00bb background_color_gradient_end=\u00a0\u00bb#29c4a9&Prime; background_color_gradient_type=\u00a0\u00bblinear\u00a0\u00bb background_color_gradient_direction=\u00a0\u00bb180deg\u00a0\u00bb background_color_gradient_direction_radial=\u00a0\u00bbcenter\u00a0\u00bb background_color_gradient_start_position=\u00a0\u00bb0%\u00a0\u00bb background_color_gradient_end_position=\u00a0\u00bb100%\u00a0\u00bb background_color_gradient_overlays_image=\u00a0\u00bboff\u00a0\u00bb parallax=\u00a0\u00bboff\u00a0\u00bb parallax_method=\u00a0\u00bbon\u00a0\u00bb background_size=\u00a0\u00bbcover\u00a0\u00bb background_position=\u00a0\u00bbcenter\u00a0\u00bb background_repeat=\u00a0\u00bbno-repeat\u00a0\u00bb background_blend=\u00a0\u00bbnormal\u00a0\u00bb allow_player_pause=\u00a0\u00bboff\u00a0\u00bb]<\/p>\n<div class=\"col-md-6 col-sm-12 col-xs-12 \">\n<div class=\"choose-title\">\n<h2><img decoding=\"async\" loading=\"lazy\" class=\"size-medium wp-image-615 alignright\" src=\"https:\/\/www.mediapub.be\/wp-content\/uploads\/2018\/01\/fotolia_43000517-300x300.jpg\" alt=\"\" width=\"300\" height=\"300\" \/><\/h2>\n<h2>G\u00c9OMARKETING<\/h2>\n<p>Le folder toutes-bo\u00eetes permet une s\u00e9lection de la zone de distribution, commune par commune. Toutefois, cette zone peut \u00eatre d\u00e9finie par des crit\u00e8res g\u00e9omarketing et, pour certaines communes les plus importantes, votre choix se fera quartier par quartier. Les crit\u00e8res de s\u00e9lection g\u00e9omarketing actuellement disponibles sont, entre autres :<\/p>\n<ul>\n<li>le pouvoir d\u2019achat<\/li>\n<li>la pr\u00e9sence d\u2019un jardin<\/li>\n<li>le type de b\u00e2timent (maison individuelle ou appartement)<\/li>\n<li>\u2026<\/li>\n<\/ul>\n<\/div>\n<\/div>\n<p>[\/et_pb_tab][et_pb_tab title=\u00a0\u00bbDistribution\u00a0\u00bb _builder_version=\u00a0\u00bb3.0.89&Prime;]<\/p>\n<h2><img decoding=\"async\" loading=\"lazy\" class=\"size-medium wp-image-738 alignright\" src=\"https:\/\/www.mediapub.be\/wp-content\/uploads\/2018\/01\/Distribution-200x300.jpg\" alt=\"\" width=\"200\" height=\"300\" \/><\/h2>\n<h2>DISTRIBUTION<\/h2>\n<p>La distribution de toutes-bo\u00eetes est une affaire de professionnels.<\/p>\n<p>Nous collaborons tr\u00e8s \u00e9troitement avec les plus grands distributeurs priv\u00e9s ou publics. Nos conseils pour r\u00e9ussir sa distribution :<\/p>\n<p>&#8211; Respecter scrupuleusement toutes les contraintes logistiques du distributeur<br \/>\n&#8211; Poss\u00e9der des crit\u00e8res g\u00e9omarketing r\u00e9alistes<br \/>\n&#8211; Garder un volume de distribution important, gage d\u2019un return de qualit\u00e9<br \/>\n&#8211; Effectuer des sondages de contr\u00f4le de qualit\u00e9 de la distribution<\/p>\n<p>[\/et_pb_tab][et_pb_tab title=\u00a0\u00bbGestion des taxes\u00a0\u00bb _builder_version=\u00a0\u00bb3.0.89&Prime; use_background_color_gradient=\u00a0\u00bboff\u00a0\u00bb background_color_gradient_start=\u00a0\u00bb#2b87da\u00a0\u00bb background_color_gradient_end=\u00a0\u00bb#29c4a9&Prime; background_color_gradient_type=\u00a0\u00bblinear\u00a0\u00bb background_color_gradient_direction=\u00a0\u00bb180deg\u00a0\u00bb background_color_gradient_direction_radial=\u00a0\u00bbcenter\u00a0\u00bb background_color_gradient_start_position=\u00a0\u00bb0%\u00a0\u00bb background_color_gradient_end_position=\u00a0\u00bb100%\u00a0\u00bb background_color_gradient_overlays_image=\u00a0\u00bboff\u00a0\u00bb parallax=\u00a0\u00bboff\u00a0\u00bb parallax_method=\u00a0\u00bbon\u00a0\u00bb background_size=\u00a0\u00bbcover\u00a0\u00bb background_position=\u00a0\u00bbcenter\u00a0\u00bb background_repeat=\u00a0\u00bbno-repeat\u00a0\u00bb background_blend=\u00a0\u00bbnormal\u00a0\u00bb allow_player_pause=\u00a0\u00bboff\u00a0\u00bb]<\/p>\n<p>&nbsp;<\/p>\n<p><img decoding=\"async\" loading=\"lazy\" class=\"size-medium wp-image-1601 alignright\" src=\"https:\/\/www.mediapub.be\/wp-content\/uploads\/2018\/01\/Gestion-des-taxes-250x300-250x300.jpg\" alt=\"\" width=\"250\" height=\"300\" \/><\/p>\n<h2>DEPUIS QUELQUES ANN\u00c9ES D\u00c9J\u00c0, LES COMMUNES DES TROIS R\u00c9GIONS TAXENT LES FOLDERS TOUTES-BO\u00ceTES.<\/h2>\n<p>La gestion de ces taxes peut \u00eatre fastidieuse pour les raisons suivantes :<\/p>\n<ul>\n<li>chaque commune poss\u00e8de son propre r\u00e8glement de taxes;<\/li>\n<li>chaque r\u00e9gion poss\u00e8de sa propre politique en la mati\u00e8re (mais les communes restent comp\u00e9tentes);<\/li>\n<li>les d\u00e9clarations doivent \u00eatre pr\u00e9alables \u00e0 la distribution, sous peine d\u2019amendes;<\/li>\n<li>la commune est en droit de taxer avec un retard pouvant aller jusqu\u2019\u00e0 2 ans apr\u00e8s la d\u00e9claration.<\/li>\n<\/ul>\n<p>Difficile donc de s\u2019y retrouver lorsque vous faites une action par mois dans une zone donn\u00e9e\u2026<\/p>\n<p>M\u00e9diapub, loin de vous encourager \u00e0 ne pas payer la taxe, a d\u00e9velopp\u00e9 des formules pour vous permettre d\u2019en payer le moins possible.<\/p>\n<ol>\n<li>Nous vous conseillons pr\u00e9alablement, dans la cr\u00e9ation de votre folder, pour concevoir un folder \u00ab low tax \u00bb, par exemple pesant moins de 10 gr pour un folder distribu\u00e9 en Wallonie.<\/li>\n<li>Nous vous offrons un service Taxtrack via lequel nous vous d\u00e9chargeons compl\u00e8tement de l\u2019administration de vos taxes li\u00e9es aux actions toutes-bo\u00eetes.<\/li>\n<li>Nous g\u00e9rons le titre \u00ab info-familles \u00bb qui vous permet, en tant qu\u2019annonceur, de b\u00e9n\u00e9ficier d\u2019une taxe tr\u00e8s limit\u00e9e, quel que soit le poids de votre folder.<\/li>\n<\/ol>\n<p><a href=\"https:\/\/www.mediapub.be\/wp-content\/uploads\/2018\/01\/TAXTRACK.pdf\">T\u00e9l\u00e9chargez la documentation\u2026<\/a><\/p>\n<p>&nbsp;<\/p>\n<p>[\/et_pb_tab][et_pb_tab title=\u00a0\u00bbD\u00e9briefing\u00a0\u00bb _builder_version=\u00a0\u00bb3.0.89&Prime; use_background_color_gradient=\u00a0\u00bboff\u00a0\u00bb background_color_gradient_start=\u00a0\u00bb#2b87da\u00a0\u00bb background_color_gradient_end=\u00a0\u00bb#29c4a9&Prime; background_color_gradient_type=\u00a0\u00bblinear\u00a0\u00bb background_color_gradient_direction=\u00a0\u00bb180deg\u00a0\u00bb background_color_gradient_direction_radial=\u00a0\u00bbcenter\u00a0\u00bb background_color_gradient_start_position=\u00a0\u00bb0%\u00a0\u00bb background_color_gradient_end_position=\u00a0\u00bb100%\u00a0\u00bb background_color_gradient_overlays_image=\u00a0\u00bboff\u00a0\u00bb parallax=\u00a0\u00bboff\u00a0\u00bb parallax_method=\u00a0\u00bbon\u00a0\u00bb background_size=\u00a0\u00bbcover\u00a0\u00bb background_position=\u00a0\u00bbcenter\u00a0\u00bb background_repeat=\u00a0\u00bbno-repeat\u00a0\u00bb background_blend=\u00a0\u00bbnormal\u00a0\u00bb allow_player_pause=\u00a0\u00bboff\u00a0\u00bb]<\/p>\n<p>&nbsp;<\/p>\n<div class=\"col-md-6 col-sm-12 col-xs-12 \">\n<div class=\"choose-title\">\n<h2><img decoding=\"async\" loading=\"lazy\" class=\"size-medium wp-image-740 alignright\" src=\"https:\/\/www.mediapub.be\/wp-content\/uploads\/2017\/09\/De\u0301briefing-300x200.jpg\" alt=\"\" width=\"300\" height=\"200\" srcset=\"https:\/\/www.mediapub.be\/wp-content\/uploads\/2017\/09\/De\u0301briefing-300x200.jpg 300w, https:\/\/www.mediapub.be\/wp-content\/uploads\/2017\/09\/De\u0301briefing-768x513.jpg 768w, https:\/\/www.mediapub.be\/wp-content\/uploads\/2017\/09\/De\u0301briefing-350x233.jpg 350w, https:\/\/www.mediapub.be\/wp-content\/uploads\/2017\/09\/De\u0301briefing-360x240.jpg 360w, https:\/\/www.mediapub.be\/wp-content\/uploads\/2017\/09\/De\u0301briefing-805x537.jpg 805w, https:\/\/www.mediapub.be\/wp-content\/uploads\/2017\/09\/De\u0301briefing-75x50.jpg 75w, https:\/\/www.mediapub.be\/wp-content\/uploads\/2017\/09\/De\u0301briefing-375x250.jpg 375w, https:\/\/www.mediapub.be\/wp-content\/uploads\/2017\/09\/De\u0301briefing.jpg 848w\" sizes=\"(max-width: 300px) 100vw, 300px\" \/><\/h2>\n<h2>D\u00c9BRIEFING<\/h2>\n<p>Pour nous, le d\u00e9briefing fait partie int\u00e9grante de toute action folder. C\u2019est ce d\u00e9briefing qui, par l\u2019analyse des r\u00e9sultats, nous permet de nous am\u00e9liorer au quotidien. Notre fonctionnement est empreint de cette r\u00e8gle d\u2019or : quoi que vous fassiez, seul le d\u00e9briefing vous permettra de vous am\u00e9liorer !<span style=\"color: #333333; font-size: 18px;\">\u00a0<\/span><\/p>\n<\/div>\n<\/div>\n<p>[\/et_pb_tab]<\/p>\n<p>[\/et_pb_tabs][\/et_pb_column][\/et_pb_row][\/et_pb_section]<\/p>\n","protected":false},"excerpt":{"rendered":"<p>M\u00c9DIAPUB : L\u2019EXPERTISE DU FOLDER TOUTES-BO\u00ceTES DEPUIS 1998. Concevoir un folder qui apportera un maximum de rendement, d\u00e9finir sa zone de diffusion, l\u2019imprimer, g\u00e9rer jusqu\u2019aux taxes communales li\u00e9es \u00e0 ce genre d\u2019action, M\u00e9diapub vous offre, \u00e0 la carte, tous les services souhait\u00e9s. &nbsp; Un m\u00e9dia \u00e0 haut rendement Le folder toutes-bo\u00eetes est probablement le m\u00e9dia [&hellip;]<\/p>\n","protected":false},"author":2,"featured_media":0,"parent":0,"menu_order":0,"comment_status":"closed","ping_status":"closed","template":"","meta":{"_et_pb_use_builder":"on","_et_pb_old_content":"","_et_gb_content_width":""},"_links":{"self":[{"href":"https:\/\/www.mediapub.be\/fr\/wp-json\/wp\/v2\/pages\/28"}],"collection":[{"href":"https:\/\/www.mediapub.be\/fr\/wp-json\/wp\/v2\/pages"}],"about":[{"href":"https:\/\/www.mediapub.be\/fr\/wp-json\/wp\/v2\/types\/page"}],"author":[{"embeddable":true,"href":"https:\/\/www.mediapub.be\/fr\/wp-json\/wp\/v2\/users\/2"}],"replies":[{"embeddable":true,"href":"https:\/\/www.mediapub.be\/fr\/wp-json\/wp\/v2\/comments?post=28"}],"version-history":[{"count":79,"href":"https:\/\/www.mediapub.be\/fr\/wp-json\/wp\/v2\/pages\/28\/revisions"}],"predecessor-version":[{"id":2337,"href":"https:\/\/www.mediapub.be\/fr\/wp-json\/wp\/v2\/pages\/28\/revisions\/2337"}],"wp:attachment":[{"href":"https:\/\/www.mediapub.be\/fr\/wp-json\/wp\/v2\/media?parent=28"}],"curies":[{"name":"wp","href":"https:\/\/api.w.org\/{rel}","templated":true}]}}