{"id":24,"date":"2017-09-10T19:21:09","date_gmt":"2017-09-10T17:21:09","guid":{"rendered":"https:\/\/www.mediapub.be\/?page_id=24"},"modified":"2018-01-11T16:20:17","modified_gmt":"2018-01-11T15:20:17","slug":"door-to-door","status":"publish","type":"page","link":"https:\/\/www.mediapub.be\/fr\/door-to-door\/","title":{"rendered":"Le secteur du Door to Door"},"content":{"rendered":"<p>[et_pb_section bb_built=\u00a0\u00bb1&Prime; fullwidth=\u00a0\u00bbon\u00a0\u00bb specialty=\u00a0\u00bboff\u00a0\u00bb _builder_version=\u00a0\u00bb3.0.89&Prime;][et_pb_fullwidth_slider admin_label=\u00a0\u00bbBandeau plein \u00e9cran\u00a0\u00bb _builder_version=\u00a0\u00bb3.0.89&Prime; show_arrows=\u00a0\u00bboff\u00a0\u00bb show_pagination=\u00a0\u00bboff\u00a0\u00bb show_inner_shadow=\u00a0\u00bbon\u00a0\u00bb custom_button=\u00a0\u00bboff\u00a0\u00bb button_icon_placement=\u00a0\u00bbright\u00a0\u00bb show_content_on_mobile=\u00a0\u00bbon\u00a0\u00bb show_cta_on_mobile=\u00a0\u00bbon\u00a0\u00bb show_image_video_mobile=\u00a0\u00bboff\u00a0\u00bb text_orientation=\u00a0\u00bbleft\u00a0\u00bb header_font=\u00a0\u00bbArial|700|||||||\u00a0\u00bb header_text_align=\u00a0\u00bbleft\u00a0\u00bb header_font_size=\u00a0\u00bb35&Prime; custom_css_main_element=\u00a0\u00bbheight:220px;\u00a0\u00bb custom_css_slide_title=\u00a0\u00bbpadding:0px;\u00a0\u00bb] [et_pb_slide _builder_version=\u00a0\u00bb3.0.89&Prime; heading=\u00a0\u00bbLe secteur du Door to Door\u00a0\u00bb use_background_color_gradient=\u00a0\u00bboff\u00a0\u00bb background_color_gradient_start=\u00a0\u00bb#2b87da\u00a0\u00bb background_color_gradient_end=\u00a0\u00bb#29c4a9&Prime; background_color_gradient_type=\u00a0\u00bblinear\u00a0\u00bb background_color_gradient_direction=\u00a0\u00bb180deg\u00a0\u00bb background_color_gradient_direction_radial=\u00a0\u00bbcenter\u00a0\u00bb background_color_gradient_start_position=\u00a0\u00bb0%\u00a0\u00bb background_color_gradient_end_position=\u00a0\u00bb100%\u00a0\u00bb background_color_gradient_overlays_image=\u00a0\u00bboff\u00a0\u00bb background_image=\u00a0\u00bbhttps:\/\/www.mediapub.be\/wp-content\/uploads\/2018\/01\/Door2door-1.jpg\u00a0\u00bb parallax=\u00a0\u00bboff\u00a0\u00bb parallax_method=\u00a0\u00bbon\u00a0\u00bb background_size=\u00a0\u00bbcover\u00a0\u00bb background_position=\u00a0\u00bbcenter\u00a0\u00bb background_repeat=\u00a0\u00bbno-repeat\u00a0\u00bb background_blend=\u00a0\u00bbnormal\u00a0\u00bb allow_player_pause=\u00a0\u00bboff\u00a0\u00bb use_bg_overlay=\u00a0\u00bboff\u00a0\u00bb use_text_overlay=\u00a0\u00bboff\u00a0\u00bb text_border_radius=\u00a0\u00bb3&Prime; alignment=\u00a0\u00bbcenter\u00a0\u00bb background_layout=\u00a0\u00bbdark\u00a0\u00bb header_font=\u00a0\u00bb||||||||\u00a0\u00bb custom_padding_tablet=\u00a0\u00bb||10px|10px\u00a0\u00bb custom_padding_phone=\u00a0\u00bb||10px|10px\u00a0\u00bb \/] [\/et_pb_fullwidth_slider][\/et_pb_section][et_pb_section bb_built=\u00a0\u00bb1&Prime; _builder_version=\u00a0\u00bb3.0.47&Prime;][et_pb_row _builder_version=\u00a0\u00bb3.0.47&Prime; background_size=\u00a0\u00bbinitial\u00a0\u00bb background_position=\u00a0\u00bbtop_left\u00a0\u00bb background_repeat=\u00a0\u00bbrepeat\u00a0\u00bb][et_pb_column type=\u00a0\u00bb2_3&Prime;][et_pb_text _builder_version=\u00a0\u00bb3.0.89&Prime;]<\/p>\n<h2>LE SECTEUR DOOR TO DOOR TRAVERSE LA CRISE AVEC BRIO !<\/h2>\n<p>M\u00e9diapub est un des acteurs majeurs du secteur et r\u00e9alise lui aussi une croissance remarquable ces derni\u00e8res ann\u00e9es. Comment, \u00e0 l\u2019heure d\u2019internet et du multim\u00e9dia, ce m\u00e9dia parmi les plus anciens r\u00e9ussit-il la gageure d\u2019\u00eatre encore en progression !<\/p>\n<p>La r\u00e9ponse est simple\u2026 le Door to Door marketing r\u00e9pond au besoin de proximit\u00e9 et d\u2019imm\u00e9diatet\u00e9 !<\/p>\n<p>Le toutes-bo\u00eetes offre une information publicitaire concr\u00e8te et directement utilisable.<\/p>\n<p>Vous avez besoin d\u2019un parfum \u00e0 bon prix et tout de suite ? Votre bo\u00eete aux lettres vous offre les promotions d\u2019une parfumerie proche, proposant de bons prix \u00e0 deux pas de chez vous ! Aucun autre m\u00e9dia ne peut proposer cela aussi vite.<\/p>\n<p>Si la toute grande majorit\u00e9 des clients sont ravis de consulter les toutes-bo\u00eetes (il n\u2019y a QUE 15% des gens qui apposent l\u2019autocollant \u00ab no pub \u00bb), l\u2019annonceur est lui aussi ravi d\u2019utiliser ce m\u00e9dia\u2026il y trouve les avantage suivants :<\/p>\n<ul>\n<li>Il sait cibler la distribution dans la zone de son choix, commune par commune, quartier par quartier<\/li>\n<li>Le client peut consulter le folder quand il le souhaite\u2026cela am\u00e9liore le return<\/li>\n<li>L\u2019annonceur a la place pour y apposer une information compl\u00e8te, parfois d\u00e9taill\u00e9e m\u00eame, augmentant aussi le return<\/li>\n<li>Alors que les m\u00e9dias audio visuel et internet sont souvent furtifs et disparaissent apr\u00e8s quelques secondes, le folder reste pr\u00e9sent dans l\u2019habitation durant au moins une semaine !<\/li>\n<\/ul>\n<p>Chaque jour, pr\u00e8s de 5 millions de m\u00e9nages belges l\u00e8vent leur bo\u00eete aux lettres\u2026. et offrent \u00e0 l\u2019annonceur la possibilit\u00e9 de COMMUNIQUER directement et assez longuement avec un client potentiel de sa zone de chalandise !<\/p>\n<p>[\/et_pb_text][\/et_pb_column][et_pb_column type=\u00a0\u00bb1_3&Prime;][et_pb_image src=\u00a0\u00bbhttps:\/\/www.mediapub.be\/wp-content\/uploads\/2018\/01\/Door-to-door-1.jpg\u00a0\u00bb _builder_version=\u00a0\u00bb3.0.89&Prime; show_in_lightbox=\u00a0\u00bboff\u00a0\u00bb url_new_window=\u00a0\u00bboff\u00a0\u00bb use_overlay=\u00a0\u00bboff\u00a0\u00bb always_center_on_mobile=\u00a0\u00bbon\u00a0\u00bb force_fullwidth=\u00a0\u00bboff\u00a0\u00bb show_bottom_space=\u00a0\u00bbon\u00a0\u00bb]<\/p>\n<p>&nbsp;<\/p>\n<p>[\/et_pb_image][\/et_pb_column][\/et_pb_row][\/et_pb_section]<\/p>\n","protected":false},"excerpt":{"rendered":"<p>LE SECTEUR DOOR TO DOOR TRAVERSE LA CRISE AVEC BRIO ! M\u00e9diapub est un des acteurs majeurs du secteur et r\u00e9alise lui aussi une croissance remarquable ces derni\u00e8res ann\u00e9es. Comment, \u00e0 l\u2019heure d\u2019internet et du multim\u00e9dia, ce m\u00e9dia parmi les plus anciens r\u00e9ussit-il la gageure d\u2019\u00eatre encore en progression ! La r\u00e9ponse est simple\u2026 le [&hellip;]<\/p>\n","protected":false},"author":2,"featured_media":0,"parent":0,"menu_order":0,"comment_status":"closed","ping_status":"closed","template":"","meta":{"_et_pb_use_builder":"on","_et_pb_old_content":"","_et_gb_content_width":""},"_links":{"self":[{"href":"https:\/\/www.mediapub.be\/fr\/wp-json\/wp\/v2\/pages\/24"}],"collection":[{"href":"https:\/\/www.mediapub.be\/fr\/wp-json\/wp\/v2\/pages"}],"about":[{"href":"https:\/\/www.mediapub.be\/fr\/wp-json\/wp\/v2\/types\/page"}],"author":[{"embeddable":true,"href":"https:\/\/www.mediapub.be\/fr\/wp-json\/wp\/v2\/users\/2"}],"replies":[{"embeddable":true,"href":"https:\/\/www.mediapub.be\/fr\/wp-json\/wp\/v2\/comments?post=24"}],"version-history":[{"count":18,"href":"https:\/\/www.mediapub.be\/fr\/wp-json\/wp\/v2\/pages\/24\/revisions"}],"predecessor-version":[{"id":3511,"href":"https:\/\/www.mediapub.be\/fr\/wp-json\/wp\/v2\/pages\/24\/revisions\/3511"}],"wp:attachment":[{"href":"https:\/\/www.mediapub.be\/fr\/wp-json\/wp\/v2\/media?parent=24"}],"curies":[{"name":"wp","href":"https:\/\/api.w.org\/{rel}","templated":true}]}}