{"id":2286,"date":"2018-02-08T08:20:41","date_gmt":"2018-02-08T07:20:41","guid":{"rendered":"https:\/\/www.mediapub.be\/?page_id=2286"},"modified":"2025-02-18T13:13:56","modified_gmt":"2025-02-18T12:13:56","slug":"home","status":"publish","type":"page","link":"https:\/\/www.mediapub.be\/fr\/","title":{"rendered":"Home"},"content":{"rendered":"<p>[et_pb_section fb_built=\u00a0\u00bb1&Prime; fullwidth=\u00a0\u00bbon\u00a0\u00bb _builder_version=\u00a0\u00bb4.20.2&Prime; use_background_color_gradient=\u00a0\u00bbon\u00a0\u00bb background_image=\u00a0\u00bbhttps:\/\/www.mediapub.be\/wp-content\/uploads\/2018\/02\/Fotolia_33942289_S-1-2.jpg\u00a0\u00bb height=\u00a0\u00bb180px\u00a0\u00bb custom_padding=\u00a0\u00bb0px|0px|1px|0px\u00a0\u00bb hover_enabled=\u00a0\u00bb0&Prime; global_colors_info=\u00a0\u00bb{}\u00a0\u00bb link_option_url=\u00a0\u00bbhttps:\/\/www.media-pub.be\u00a0\u00bb min_height=\u00a0\u00bb800px\u00a0\u00bb sticky_enabled=\u00a0\u00bb0&Prime;][et_pb_fullwidth_image src=\u00a0\u00bbhttps:\/\/www.mediapub.be\/wp-content\/uploads\/2025\/02\/peau_neuve.jpg\u00a0\u00bb _builder_version=\u00a0\u00bb4.20.2&Prime; _module_preset=\u00a0\u00bbdefault\u00a0\u00bb theme_builder_area=\u00a0\u00bbpost_content\u00a0\u00bb title_text=\u00a0\u00bbpeau_neuve\u00a0\u00bb hover_enabled=\u00a0\u00bb0&Prime; sticky_enabled=\u00a0\u00bb0&Prime;][\/et_pb_fullwidth_image][\/et_pb_section][et_pb_section fb_built=\u00a0\u00bb1&Prime; _builder_version=\u00a0\u00bb4.20.2&Prime; _module_preset=\u00a0\u00bbdefault\u00a0\u00bb custom_css_main_element=\u00a0\u00bb||\u00a0\u00bb global_colors_info=\u00a0\u00bb{}\u00a0\u00bb][et_pb_row column_structure=\u00a0\u00bb1_2,1_2&Prime; _builder_version=\u00a0\u00bb4.20.2&Prime; _module_preset=\u00a0\u00bbdefault\u00a0\u00bb custom_css_main_element=\u00a0\u00bbwidth:800px;||\u00a0\u00bb global_colors_info=\u00a0\u00bb{}\u00a0\u00bb][et_pb_column type=\u00a0\u00bb1_2&Prime; _builder_version=\u00a0\u00bb4.20.2&Prime; _module_preset=\u00a0\u00bbdefault\u00a0\u00bb global_colors_info=\u00a0\u00bb{}\u00a0\u00bb][et_pb_image src=\u00a0\u00bbhttps:\/\/www.mediapub.be\/wp-content\/uploads\/2023\/03\/Images-site-400px-FR1.jpg\u00a0\u00bb title_text=\u00a0\u00bbImages-site-400px-FR1&Prime; url=\u00a0\u00bbhttps:\/\/www.mediapub.be\/fr\/taxsimulator\u00a0\u00bb _builder_version=\u00a0\u00bb4.20.2&Prime; _module_preset=\u00a0\u00bbdefault\u00a0\u00bb global_colors_info=\u00a0\u00bb{}\u00a0\u00bb][\/et_pb_image][\/et_pb_column][et_pb_column type=\u00a0\u00bb1_2&Prime; _builder_version=\u00a0\u00bb4.20.2&Prime; _module_preset=\u00a0\u00bbdefault\u00a0\u00bb global_colors_info=\u00a0\u00bb{}\u00a0\u00bb][et_pb_image src=\u00a0\u00bbhttps:\/\/www.mediapub.be\/wp-content\/uploads\/2023\/03\/Images-site-400px-FR2.jpg\u00a0\u00bb title_text=\u00a0\u00bbImages-site-400px-FR2&Prime; url=\u00a0\u00bbhttps:\/\/www.mediapub.be\/fr\/taxsimulator\u00a0\u00bb _builder_version=\u00a0\u00bb4.20.2&Prime; _module_preset=\u00a0\u00bbdefault\u00a0\u00bb global_colors_info=\u00a0\u00bb{}\u00a0\u00bb][\/et_pb_image][\/et_pb_column][\/et_pb_row][\/et_pb_section][et_pb_section fb_built=\u00a0\u00bb1&Prime; fullwidth=\u00a0\u00bbon\u00a0\u00bb theme_builder_area=\u00a0\u00bbpost_content\u00a0\u00bb _builder_version=\u00a0\u00bb4.20.2&Prime; _module_preset=\u00a0\u00bbdefault\u00a0\u00bb][\/et_pb_section][et_pb_section fb_built=\u00a0\u00bb1&Prime; _builder_version=\u00a0\u00bb4.16&Prime; background_color=\u00a0\u00bb#222222&Prime; global_colors_info=\u00a0\u00bb{}\u00a0\u00bb][et_pb_row _builder_version=\u00a0\u00bb4.16&Prime; background_color=\u00a0\u00bb#222222&Prime; global_colors_info=\u00a0\u00bb{}\u00a0\u00bb][et_pb_column type=\u00a0\u00bb4_4&Prime; _builder_version=\u00a0\u00bb4.16&Prime; custom_padding=\u00a0\u00bb|||\u00a0\u00bb global_colors_info=\u00a0\u00bb{}\u00a0\u00bb custom_padding__hover=\u00a0\u00bb|||\u00a0\u00bb][et_pb_text _builder_version=\u00a0\u00bb4.16&Prime; background_layout=\u00a0\u00bbdark\u00a0\u00bb global_colors_info=\u00a0\u00bb{}\u00a0\u00bb]MEDIAPUB, l&rsquo;expertise du folder toutes-bo\u00eetes depuis 1998. Concevoir un folder qui apportera un maximum de rendement, d\u00e9finir sa zone de diffusion, l\u2019imprimer, g\u00e9rer jusqu\u2019aux taxes communales li\u00e9es \u00e0 ce genre d\u2019action, MEDIAPUB vous offre, \u00e0 la carte, tous les services souhait\u00e9s.<\/p>\n<p>Le folder toutes-bo\u00eetes est probablement le m\u00e9dia publicitaire apportant le rendement direct le plus \u00e9lev\u00e9.<br \/>\nIl permet d\u2019arriver directement chez le prospect avec l\u2019ensemble de votre offre, de quoi d\u00e9clencher imm\u00e9diatement l\u2019achat ! Aucun autre m\u00e9dia ne peut se targuer de tels avantages.<br \/>\n[\/et_pb_text][\/et_pb_column][\/et_pb_row][\/et_pb_section]<\/p>\n","protected":false},"excerpt":{"rendered":"<p>MEDIAPUB, l&rsquo;expertise du folder toutes-bo\u00eetes depuis 1998. Concevoir un folder qui apportera un maximum de rendement, d\u00e9finir sa zone de diffusion, l\u2019imprimer, g\u00e9rer jusqu\u2019aux taxes communales li\u00e9es \u00e0 ce genre d\u2019action, MEDIAPUB vous offre, \u00e0 la carte, tous les services souhait\u00e9s. Le folder toutes-bo\u00eetes est probablement le m\u00e9dia publicitaire apportant le rendement direct le plus [&hellip;]<\/p>\n","protected":false},"author":1,"featured_media":0,"parent":0,"menu_order":0,"comment_status":"closed","ping_status":"closed","template":"","meta":{"_et_pb_use_builder":"on","_et_pb_old_content":"","_et_gb_content_width":""},"_links":{"self":[{"href":"https:\/\/www.mediapub.be\/fr\/wp-json\/wp\/v2\/pages\/2286"}],"collection":[{"href":"https:\/\/www.mediapub.be\/fr\/wp-json\/wp\/v2\/pages"}],"about":[{"href":"https:\/\/www.mediapub.be\/fr\/wp-json\/wp\/v2\/types\/page"}],"author":[{"embeddable":true,"href":"https:\/\/www.mediapub.be\/fr\/wp-json\/wp\/v2\/users\/1"}],"replies":[{"embeddable":true,"href":"https:\/\/www.mediapub.be\/fr\/wp-json\/wp\/v2\/comments?post=2286"}],"version-history":[{"count":27,"href":"https:\/\/www.mediapub.be\/fr\/wp-json\/wp\/v2\/pages\/2286\/revisions"}],"predecessor-version":[{"id":3519,"href":"https:\/\/www.mediapub.be\/fr\/wp-json\/wp\/v2\/pages\/2286\/revisions\/3519"}],"wp:attachment":[{"href":"https:\/\/www.mediapub.be\/fr\/wp-json\/wp\/v2\/media?parent=2286"}],"curies":[{"name":"wp","href":"https:\/\/api.w.org\/{rel}","templated":true}]}}